{"id":56,"date":"2024-10-02T12:05:51","date_gmt":"2024-10-02T12:05:51","guid":{"rendered":"https:\/\/luftzug.org\/?page_id=56"},"modified":"2026-03-06T07:55:48","modified_gmt":"2026-03-06T07:55:48","slug":"start","status":"publish","type":"page","link":"https:\/\/luftzug.org\/en\/","title":{"rendered":"Airflow"},"content":{"rendered":"\n<h1 class=\"wp-block-heading\"><span class=\"ez-toc-section\" id=\"Luftzug\"><\/span>Luftzug<span class=\"ez-toc-section-end\"><\/span><\/h1>\n\n\n\n<p>Herzlich willkommen bei luftzug.org!<br>Hier findest Du Beitr\u00e4ge rund ums L\u00fcften, Heizen und K\u00fchlen von Geb\u00e4uden.<\/p>\n\n\n\n<p>luftzug.org b\u00fcndelt wichtige Informationen zu diesen Themen an einem Platz. Zum Beispiel zu der Frage, wie man&nbsp;<strong>effizienter l\u00fcften und heizen<\/strong>&nbsp;kann.<\/p>\n\n\n\n<div style=\"height:50px\" aria-hidden=\"true\" class=\"wp-block-spacer\"><\/div>\n\n\n\n<h2 class=\"wp-block-heading\" id=\"ventilatoren\"><span class=\"ez-toc-section\" id=\"Ventilatoren\"><\/span>Ventilatoren<span class=\"ez-toc-section-end\"><\/span><\/h2>\n\n\n\n<p>Eine Zirkulation der Raumluft ist in vielen F\u00e4llen w\u00fcnschenswert. Sie entsteht etwa beim Heizen von ganz allein: Die Luft wird von den Heizk\u00f6rpern erw\u00e4rmt, steigt auf, k\u00fchlt sich an der Decke wieder ab und sinkt zu Boden.<\/p>\n\n\n\n<p>Ein solcher&nbsp;<strong>Luftstrom ist wichtig f\u00fcrs effiziente Heizen<\/strong>. Er sorgt daf\u00fcr, dass die erw\u00e4rmte Luft sich gleichm\u00e4\u00dfig im Raum verteilt. Auf diese Weise werden nicht an jeder Wand Heizk\u00f6rper ben\u00f6tigt.<\/p>\n\n\n\n<p>Je nach R\u00e4umlichkeit kann es jedoch sinnvoll sein, der Zirkulation unter die Arme zu greifen. Mit einem Ventilator zum Beispiel. Er unterst\u00fctzt die Durchmischung der Luft und damit die Verteilung der W\u00e4rme.<\/p>\n\n\n\n<p>Andersherum kann ein Ventilator im Sommer eine willkommene Brise erzeugen. Zwar erreicht ein Ventilator keine K\u00fchlung der Luft, doch die empfundene Temperatur verbessert sich. Der leichte Luftzug, den der Ventilator erzeugt, sorgt daf\u00fcr, dass die Hitze als weniger schlimm empfunden wird.<\/p>\n\n\n\n<p>Unter den Ventilatoren gibt mehrere Produktkategorien, die jeweils ihre Vorz\u00fcge und Nachteile mit sich bringen.<\/p>\n\n\n\n<p>Standventilatoren erzeugen zielgerichtete und starke Luftstr\u00f6me. Allerdings sind sie eher laut und verbrauchen Platz.&nbsp;<strong>Deckenventilatoren sind leiser<\/strong>&nbsp;und oft sch\u00f6ner anzusehen. Daf\u00fcr sind sie schwieriger anzubringen.<\/p>\n\n\n\n<p>Mehr \u00fcber den richtigen Ventilator f\u00fcr Dich kannst Du hier nachlesen:<\/p>\n\n\n\n<ul class=\"wp-block-list has-base-background-color has-background\">\n<li><a href=\"https:\/\/luftzug.org\/ventilatoren\/buero\" data-type=\"link\" data-id=\"https:\/\/luftzug.org\/ventilatoren\/buero\">Passender Ventilator f\u00fcrs B\u00fcro<\/a><\/li>\n\n\n\n<li><a href=\"https:\/\/luftzug.org\/ventilatoren\/leise-ventilatoren\/\">Leise Ventilatoren<\/a><\/li>\n\n\n\n<li><a href=\"https:\/\/luftzug.org\/ventilatoren\/12-volt-ventilator\/\">Ventilatoren mit 12 Volt<\/a><\/li>\n\n\n\n<li><a href=\"https:\/\/luftzug.org\/ventilatoren\/turmventilator-oder-standventilator\/\">Turmventilator oder Standventilator?<\/a><\/li>\n\n\n\n<li><a href=\"https:\/\/luftzug.org\/ventilatoren\/schlafzimmer\/\">Ventilatoren f\u00fcrs Schlafzimmer<\/a><\/li>\n\n\n\n<li><a href=\"https:\/\/luftzug.org\/ventilatoren\/smarthome-ventilatoren\/\">Smart Home Ventilatoren<\/a><\/li>\n\n\n\n<li><a href=\"https:\/\/luftzug.org\/ventilatoren\/rotorlose-ventilatoren\/\">Rotorlose Ventilatoren<\/a><\/li>\n\n\n\n<li><a href=\"https:\/\/luftzug.org\/ventilatoren\/turmventilatoren\/\">Turmventilatoren<\/a><\/li>\n\n\n\n<li><a href=\"https:\/\/luftzug.org\/ventilatoren\/deckenventilatoren\/\">Deckenventilatoren<\/a><\/li>\n<\/ul>\n\n\n\n<div style=\"height:50px\" aria-hidden=\"true\" class=\"wp-block-spacer\"><\/div>\n\n\n\n<h2 class=\"wp-block-heading\" id=\"raumklima\"><span class=\"ez-toc-section\" id=\"Raumklima\"><\/span>Raumklima<span class=\"ez-toc-section-end\"><\/span><\/h2>\n\n\n\n<p>Ein angenehmes Raumklima tr\u00e4gt ma\u00dfgeblich zu einer Wohlf\u00fchlatmosph\u00e4re bei. Um ein gutes Raumklima aufrecht zu erhalten, ist vor allem eines wichtig: Das <strong>richtige L\u00fcften!<\/strong><\/p>\n\n\n\n<p>L\u00fcften erf\u00fcllt zwei Zwecke: Einerseits soll Frischluft hereingelassen werden, andererseits sollen im Winter die K\u00e4lte und im Sommer die Hitze gerne drau\u00dfen bleiben.<\/p>\n\n\n\n<p>Damit das auch klappt, empfiehlt sich das sogenannte <strong>Sto\u00dfl\u00fcften<\/strong>. Dabei werden die Fenster ganz, daf\u00fcr aber nur f\u00fcr kurze Zeit ge\u00f6ffnet. Ziel ist es, damit zwar die Luft zu tauschen, aber nicht den Raum (W\u00e4nde oder M\u00f6bel) ausk\u00fchlen zu lassen.<\/p>\n\n\n\n<p>Luft speichert weniger W\u00e4rmeenergie als die W\u00e4nde eines Raumes. Luft hat eine geringere spezifische W\u00e4rmekapazit\u00e4t als zum Beispiel Wasser oder Stein <sup>[1]<\/sup>. Darum ist es leichter einen Raum aufzuheizen, in dem die Luft zwar kalt ist, aber W\u00e4nde und Mobiliar noch warm.<\/p>\n\n\n\n<p>Werden die Fenster nur gekippt, dauert der Luftaustausch l\u00e4nger. Auf diese Weise k\u00fchlt nicht nur die Luft im Raum ab; begonnen bei Fensterrahmen und Fensterbank k\u00fchlen nach und nach weiter Bereiche aus.<\/p>\n\n\n\n<p>Neben dem richtigen L\u00fcften, gibt es zahlreiche Produktklassen, die bei der Verbesserung des Raumklimas helfen. Mehr zum Thema Raumklima und den passenden Produkten findest Du hier:<\/p>\n\n\n\n<ul class=\"wp-block-list has-base-background-color has-background\">\n<li><a href=\"https:\/\/luftzug.org\/raumklima\/luftfeuchtigkeit\/\">Luftfeuchtigkeit<\/a><\/li>\n\n\n\n<li><a href=\"https:\/\/luftzug.org\/raumklima\/l%C3%BCften-winter\/\">L\u00fcften im Winter<\/a><\/li>\n\n\n\n<li><a href=\"https:\/\/luftzug.org\/raumklima\/luftw%C3%A4scher\/\">Luftw\u00e4scher<\/a><\/li>\n\n\n\n<li><a href=\"https:\/\/luftzug.org\/raumklima\/luftreiniger\/\">Luftreiniger<\/a><\/li>\n\n\n\n<li><a href=\"https:\/\/luftzug.org\/raumklima\/luftentfeuchter\/\">Luftentfeuchter<\/a><\/li>\n\n\n\n<li><a href=\"https:\/\/luftzug.org\/raumklima\/diffuser\/\">Diffuser<\/a><\/li>\n\n\n\n<li><a href=\"https:\/\/luftzug.org\/raumklima\/badl%C3%BCfter\/\">Badl\u00fcfter<\/a><\/li>\n<\/ul>\n\n\n\n<div style=\"height:50px\" aria-hidden=\"true\" class=\"wp-block-spacer\"><\/div>\n\n\n\n<h2 class=\"wp-block-heading\" id=\"quellen\"><span class=\"ez-toc-section\" id=\"Quellen\"><\/span>Quellen<span class=\"ez-toc-section-end\"><\/span><\/h2>\n\n\n\n<p id=\"1\"><small>[1]&nbsp;<a href=\"https:\/\/luftzug.org\/#sup1\">\u2191<\/a>&nbsp;<a href=\"https:\/\/www.energie-lexikon.info\/waermekapazitaet.html\" target=\"_blank\" rel=\"noreferrer noopener\">https:\/\/www.energie-lexikon.info\/waermekapazitaet.html<\/a><\/small><\/p>\n\n\n\n<div id=\"affiliate-style-749b2010-8e6e-4809-a392-8b5dc5540071\" class=\"affiliate-block-undefined affiliate-notification-wrapper\"><div class=\"affiliate-notification-inner\"><p class=\"affiliate-notification-content\" id=\"notice-749b2010-8e6e-4809-a392-8b5dc5540071\"><strong><a href=\"https:\/\/luftzug.org\/raumklima\/luftfeuchtigkeit\/\">Luftfeuchtigkeit<br><\/a><\/strong>So kannst Du die Luftfeuchtigkeit in Wohnr\u00e4umen messen und kontrollieren.<\/p><\/div><\/div>\n\n\n\n<div id=\"affiliate-style-a790d595-31b2-4ba0-9fcb-60d9ecd83c7a\" class=\"affiliate-block-undefined affiliate-notification-wrapper\"><div class=\"affiliate-notification-inner\"><p class=\"affiliate-notification-content\" id=\"notice-a790d595-31b2-4ba0-9fcb-60d9ecd83c7a\"><strong><a href=\"https:\/\/luftzug.org\/raumklima\/l%C3%BCften-winter\/\">L\u00fcften im Winter<br><\/a><\/strong>Leitfaden zum effizienten L\u00fcften im Winter. Gegen zu hohe Luftfeuchtigkeit und f\u00fcr Energieeinsparung \u2013 so geht\u2019s!<\/p><\/div><\/div>\n\n\n\n<div id=\"affiliate-style-c2ec24dd-7ade-490e-9584-40d53a534932\" class=\"affiliate-block-undefined affiliate-notification-wrapper\"><div class=\"affiliate-notification-inner\"><p class=\"affiliate-notification-content\" id=\"notice-c2ec24dd-7ade-490e-9584-40d53a534932\"><a href=\"https:\/\/luftzug.org\/marken\/\"><strong>Ventilatoren von Dyson<br><\/strong><\/a>Was die Ventilatoren von Dyson k\u00f6nnen und welche Ger\u00e4te gute Alternativen sind.<\/p><\/div><\/div>\n\n\n\n<div id=\"affiliate-style-38ae881c-10f4-4de4-919f-c65d450e7ec8\" class=\"affiliate-block-undefined affiliate-notification-wrapper\"><div class=\"affiliate-notification-inner\"><p class=\"affiliate-notification-content\" id=\"notice-38ae881c-10f4-4de4-919f-c65d450e7ec8\"><strong><a href=\"https:\/\/luftzug.org\/ventilatoren\/b%C3%BCro\/\">Passender Ventilator f\u00fcrs B\u00fcro<br><\/a><\/strong>Empfehlenswerte Ventilatoren f\u00fcrs B\u00fcro: F\u00fcr einzelne Schreibtische R\u00e4ume oder Konferenzzimmer.<\/p><\/div><\/div>\n\n\n\n<div id=\"affiliate-style-2050f1a4-a7cc-4d76-a5ca-fdbf8c4e61c2\" class=\"affiliate-block-undefined affiliate-notification-wrapper\"><div class=\"affiliate-notification-inner\"><p class=\"affiliate-notification-content\" id=\"notice-2050f1a4-a7cc-4d76-a5ca-fdbf8c4e61c2\"><a href=\"https:\/\/luftzug.org\/k%C3%BChlung\/luftk%C3%BChler\/\"><strong>Luftk\u00fchler<br><\/strong><\/a>Klimager\u00e4te ohne Abluftschlauch im Vergleich: Diese Modelle sind empfehlenswert.<\/p><\/div><\/div>\n\n\n\n<div id=\"affiliate-style-fad16e39-50fb-4257-9779-af2c48a0ad07\" class=\"affiliate-block-undefined affiliate-notification-wrapper\"><div class=\"affiliate-notification-inner\"><p class=\"affiliate-notification-content\" id=\"notice-fad16e39-50fb-4257-9779-af2c48a0ad07\"><a href=\"https:\/\/luftzug.org\/heizung\/ofenventilatoren\/\"><strong>Ofenventilatoren<br><\/strong><\/a>Wozu ist ein Ofenventilator eigentlich da? Hier werden der Nutzen und die Bedienung erkl\u00e4rt.<\/p><\/div><\/div>\n\n\n\n<div id=\"affiliate-style-8a368c8f-fb88-4742-8233-445730dbd3fa\" class=\"affiliate-block-undefined affiliate-notification-wrapper\"><div class=\"affiliate-notification-inner\"><p class=\"affiliate-notification-content\" id=\"notice-8a368c8f-fb88-4742-8233-445730dbd3fa\"><a href=\"https:\/\/luftzug.org\/ventilatoren\/leise-ventilatoren\/\"><strong>Leise Ventilatoren<br><\/strong><\/a>Vergleich vom sehr leisen Ventilatoren. Perfekt f\u00fcr den Betrieb im Schlafzimmer.<\/p><\/div><\/div>\n\n\n\n<div id=\"affiliate-style-eb1ea56b-9b9f-4092-be5c-d3ddc5f82f2f\" class=\"affiliate-block-undefined affiliate-notification-wrapper\"><div class=\"affiliate-notification-inner\"><p class=\"affiliate-notification-content\" id=\"notice-eb1ea56b-9b9f-4092-be5c-d3ddc5f82f2f\"><a href=\"https:\/\/luftzug.org\/ventilatoren\/12-volt-ventilator\/\"><strong>Ventilatoren mit 12 Volt<br><\/strong><\/a>Vergleich der 12 Volt Ventilatoren: Leise Ventilatoren zum Beispiel f\u00fcrs Camping mit dem Auto oder dem Wohnmobil.<\/p><\/div><\/div>\n\n\n\n<div id=\"affiliate-style-800f80d0-13c4-4bbe-924c-257c6f9eee9a\" class=\"affiliate-block-undefined affiliate-notification-wrapper\"><div class=\"affiliate-notification-inner\"><p class=\"affiliate-notification-content\" id=\"notice-800f80d0-13c4-4bbe-924c-257c6f9eee9a\"><br><\/p><\/div><\/div>\n\n\n\n<div id=\"affiliate-style-f0415d4a-c613-44b3-b0e7-5e82f810fb0e\" class=\"affiliate-block-undefined affiliate-notification-wrapper\"><div class=\"affiliate-notification-inner\"><p class=\"affiliate-notification-content\" id=\"notice-f0415d4a-c613-44b3-b0e7-5e82f810fb0e\"><br><\/p><\/div><\/div>\n\n\n\n<p><\/p>\n\n\n\n<div class=\"wp-block-query is-layout-flow wp-block-query-is-layout-flow\"><\/div>\n\n\n\n<p><\/p>\n","protected":false},"excerpt":{"rendered":"<p>Luftzug Welcome to luftzug.org! Here you will find articles on all aspects of ventilating, heating and cooling buildings. luftzug.org brings together important information on these topics in one place. For example, on the question of how to ventilate and heat more efficiently. Fans Circulation of indoor air is desirable in many cases. It occurs all by itself when heating, for example: The ... <\/p>\n<p class=\"read-more-container\"><a title=\"Airflow\" class=\"read-more button\" href=\"https:\/\/luftzug.org\/en\/#more-56\" aria-label=\"Read more about Draught\">Read more<\/a><\/p>","protected":false},"author":1,"featured_media":59,"parent":0,"menu_order":0,"comment_status":"closed","ping_status":"closed","template":"","meta":{"_eb_attr":"","footnotes":""},"categories":[],"tags":[],"class_list":{"0":"post-56","1":"page","2":"type-page","3":"status-publish","4":"has-post-thumbnail","6":"no-featured-image-padding"},"_links":{"self":[{"href":"https:\/\/luftzug.org\/en\/wp-json\/wp\/v2\/pages\/56","targetHints":{"allow":["GET"]}}],"collection":[{"href":"https:\/\/luftzug.org\/en\/wp-json\/wp\/v2\/pages"}],"about":[{"href":"https:\/\/luftzug.org\/en\/wp-json\/wp\/v2\/types\/page"}],"author":[{"embeddable":true,"href":"https:\/\/luftzug.org\/en\/wp-json\/wp\/v2\/users\/1"}],"replies":[{"embeddable":true,"href":"https:\/\/luftzug.org\/en\/wp-json\/wp\/v2\/comments?post=56"}],"version-history":[{"count":1,"href":"https:\/\/luftzug.org\/en\/wp-json\/wp\/v2\/pages\/56\/revisions"}],"predecessor-version":[{"id":1756,"href":"https:\/\/luftzug.org\/en\/wp-json\/wp\/v2\/pages\/56\/revisions\/1756"}],"wp:featuredmedia":[{"embeddable":true,"href":"https:\/\/luftzug.org\/en\/wp-json\/wp\/v2\/media\/59"}],"wp:attachment":[{"href":"https:\/\/luftzug.org\/en\/wp-json\/wp\/v2\/media?parent=56"}],"wp:term":[{"taxonomy":"category","embeddable":true,"href":"https:\/\/luftzug.org\/en\/wp-json\/wp\/v2\/categories?post=56"},{"taxonomy":"post_tag","embeddable":true,"href":"https:\/\/luftzug.org\/en\/wp-json\/wp\/v2\/tags?post=56"}],"curies":[{"name":"wp","href":"https:\/\/api.w.org\/{rel}","templated":true}]}}