{"id":96,"date":"2024-10-02T14:09:26","date_gmt":"2024-10-02T14:09:26","guid":{"rendered":"https:\/\/luftzug.org\/?page_id=96"},"modified":"2024-10-13T07:56:01","modified_gmt":"2024-10-13T07:56:01","slug":"calefaccion","status":"publish","type":"page","link":"https:\/\/luftzug.org\/es\/heizung\/","title":{"rendered":"Calefacci\u00f3n"},"content":{"rendered":"<h1 class=\"wp-block-heading\">Calefacci\u00f3n<\/h1>\n\n\n\n<p>Hoy en d\u00eda, existen realmente muchas formas de calentar de forma m\u00e1s eficiente. No todas estas opciones tienen el mismo coste.<\/p>\n\n\n\n<p>Con sencillos consejos, esta p\u00e1gina te ayudar\u00e1 a ahorrar energ\u00eda y a crear un ambiente agradable y acogedor.&nbsp;<a href=\"https:\/\/luftzug.org\/es\/clima-interior\/\">Clima interior<\/a>&nbsp;para crear.<\/p>\n\n\n\n<div id=\"affiliate-style-59f97e54-3dae-4650-b39c-104fb7b40bc3\" class=\"affiliate-block-undefined affiliate-notification-wrapper\"><div class=\"affiliate-notification-inner\"><p class=\"affiliate-notification-content\" id=\"notice-59f97e54-3dae-4650-b39c-104fb7b40bc3\"><a href=\"https:\/\/luftzug.org\/es\/calefaccion\/ventiladores-estufa\/\"><strong>Ventiladores de horno<br><\/strong><\/a>\u00bfPara qu\u00e9 sirve realmente un ventilador de horno? Aqu\u00ed se explican sus ventajas y funcionamiento.<\/p><\/div><\/div>\n\n\n\n<div id=\"affiliate-style-aabe1ad3-4432-415f-9e43-32b828e8d648\" class=\"affiliate-block-undefined affiliate-notification-wrapper\"><div class=\"affiliate-notification-inner\"><p class=\"affiliate-notification-content\" id=\"notice-aabe1ad3-4432-415f-9e43-32b828e8d648\"><strong><a href=\"https:\/\/luftzug.org\/es\/calefaccion\/calefactor-bano\/\">Ventilador calefactor de ba\u00f1o<br><\/a><\/strong>\u00bfQu\u00e9 aerotermos son los mejores para el cuarto de ba\u00f1o? Diferentes modelos a prueba<\/p><\/div><\/div>\n\n\n\n<p><\/p>","protected":false},"excerpt":{"rendered":"<p>Calefacci\u00f3n Hoy en d\u00eda, existen realmente muchas formas de calentar de forma m\u00e1s eficiente. No todas estas opciones tienen el mismo coste. En esta p\u00e1gina, te ayudar\u00e9 a ahorrar energ\u00eda y crear un clima interior agradable con sencillos consejos.<\/p>","protected":false},"author":1,"featured_media":102,"parent":0,"menu_order":0,"comment_status":"closed","ping_status":"closed","template":"","meta":{"_eb_attr":"","footnotes":""},"categories":[],"tags":[],"class_list":{"0":"post-96","1":"page","2":"type-page","3":"status-publish","4":"has-post-thumbnail","6":"no-featured-image-padding"},"_links":{"self":[{"href":"https:\/\/luftzug.org\/es\/wp-json\/wp\/v2\/pages\/96","targetHints":{"allow":["GET"]}}],"collection":[{"href":"https:\/\/luftzug.org\/es\/wp-json\/wp\/v2\/pages"}],"about":[{"href":"https:\/\/luftzug.org\/es\/wp-json\/wp\/v2\/types\/page"}],"author":[{"embeddable":true,"href":"https:\/\/luftzug.org\/es\/wp-json\/wp\/v2\/users\/1"}],"replies":[{"embeddable":true,"href":"https:\/\/luftzug.org\/es\/wp-json\/wp\/v2\/comments?post=96"}],"version-history":[{"count":0,"href":"https:\/\/luftzug.org\/es\/wp-json\/wp\/v2\/pages\/96\/revisions"}],"wp:featuredmedia":[{"embeddable":true,"href":"https:\/\/luftzug.org\/es\/wp-json\/wp\/v2\/media\/102"}],"wp:attachment":[{"href":"https:\/\/luftzug.org\/es\/wp-json\/wp\/v2\/media?parent=96"}],"wp:term":[{"taxonomy":"category","embeddable":true,"href":"https:\/\/luftzug.org\/es\/wp-json\/wp\/v2\/categories?post=96"},{"taxonomy":"post_tag","embeddable":true,"href":"https:\/\/luftzug.org\/es\/wp-json\/wp\/v2\/tags?post=96"}],"curies":[{"name":"wp","href":"https:\/\/api.w.org\/{rel}","templated":true}]}}