{"id":99,"date":"2024-10-02T14:13:49","date_gmt":"2024-10-02T14:13:49","guid":{"rendered":"https:\/\/luftzug.org\/?page_id=99"},"modified":"2024-10-06T18:50:57","modified_gmt":"2024-10-06T18:50:57","slug":"refrigeracion","status":"publish","type":"page","link":"https:\/\/luftzug.org\/es\/kuehlung\/","title":{"rendered":"Refrigeraci\u00f3n"},"content":{"rendered":"<h1 class=\"wp-block-heading\">Refrigeraci\u00f3n<\/h1>\n\n\n\n<p>Un aire interior demasiado c\u00e1lido deprime el \u00e1nimo. Incluso baja la productividad en el trabajo. En esta p\u00e1gina te mostrar\u00e9 las soluciones m\u00e1s inteligentes para conseguir un aire interior fresco y refrescante.<\/p>\n\n\n\n<p>Una agradable&nbsp;<a href=\"https:\/\/luftzug.org\/es\/clima-interior\/\">Clima interior<\/a>&nbsp;es la m\u00e1xima prioridad. C\u00f3mo y con qu\u00e9 productos puede conseguirlo; \u00a1de eso se trata exactamente!<\/p>\n\n\n\n<p>No siempre tiene por qu\u00e9 ser un sistema de aire acondicionado. En muchos casos, un&nbsp;<a href=\"https:\/\/luftzug.org\/es\/ventiladores\/\">Ventilador<\/a>&nbsp;o un enfriador de aire:<\/p>\n\n\n\n<p>Entre los ventiladores y los grandes aparatos de aire acondicionado, hay muchas clases de aparatos interesantes que proporcionan refrigeraci\u00f3n por poco dinero. Adem\u00e1s, algunos de ellos pueden utilizarse de forma muy flexible. He aqu\u00ed una selecci\u00f3n de alternativas a los grandes aparatos de aire acondicionado:<\/p>\n\n\n\n<ul class=\"wp-block-list has-base-2-background-color has-background\">\n<li>Enfriador de aire<\/li>\n\n\n\n<li>Aire acondicionado<\/li>\n\n\n\n<li>Aire acondicionado de ventana<\/li>\n\n\n\n<li>Acondicionador de aire monobloque<\/li>\n<\/ul>\n\n\n\n<p>En funci\u00f3n del lugar de utilizaci\u00f3n, as\u00ed como de la duraci\u00f3n, frecuencia e intensidad de uso, una de estas clases de productos resulta especialmente adecuada.<a href=\"https:\/\/luftzug.org\/es\/k%C3%BChlung\/luftk%C3%BChler\/\"><\/a><\/p>\n\n\n\n<div id=\"affiliate-style-1d8a47f2-1b09-4b27-8a05-8ed426711794\" class=\"affiliate-block-undefined affiliate-notification-wrapper\"><div class=\"affiliate-notification-inner\"><p class=\"affiliate-notification-content\" id=\"notice-1d8a47f2-1b09-4b27-8a05-8ed426711794\"><a href=\"https:\/\/luftzug.org\/es\/k%C3%BChlung\/luftk%C3%BChler\/\"><strong>Enfriador de aire<br><\/strong><\/a>Acondicionadores de aire sin manguera de salida de aire en comparaci\u00f3n: Se recomiendan estos modelos.<\/p><\/div><\/div>\n\n\n\n<p><\/p>","protected":false},"excerpt":{"rendered":"<p>Refrigeraci\u00f3n El aire interior demasiado caliente deprime el \u00e1nimo. Incluso baja la productividad en el trabajo. En esta p\u00e1gina te mostrar\u00e9 las soluciones m\u00e1s inteligentes para conseguir un aire interior fresco y refrescante. Un clima interior agradable es la m\u00e1xima prioridad. De qu\u00e9 productos y c\u00f3mo conseguirlo se trata. No siempre tiene que ser un sistema de aire acondicionado. ... <\/p>\n<p class=\"read-more-container\"><a title=\"Refrigeraci\u00f3n\" class=\"read-more button\" href=\"https:\/\/luftzug.org\/es\/kuehlung\/#more-99\" aria-label=\"Leer m\u00e1s sobre Refrigeraci\u00f3n\">Vaciar m\u00e1s<\/a><\/p>","protected":false},"author":1,"featured_media":100,"parent":0,"menu_order":0,"comment_status":"closed","ping_status":"closed","template":"","meta":{"_eb_attr":"","footnotes":""},"categories":[],"tags":[],"class_list":{"0":"post-99","1":"page","2":"type-page","3":"status-publish","4":"has-post-thumbnail","6":"no-featured-image-padding"},"_links":{"self":[{"href":"https:\/\/luftzug.org\/es\/wp-json\/wp\/v2\/pages\/99","targetHints":{"allow":["GET"]}}],"collection":[{"href":"https:\/\/luftzug.org\/es\/wp-json\/wp\/v2\/pages"}],"about":[{"href":"https:\/\/luftzug.org\/es\/wp-json\/wp\/v2\/types\/page"}],"author":[{"embeddable":true,"href":"https:\/\/luftzug.org\/es\/wp-json\/wp\/v2\/users\/1"}],"replies":[{"embeddable":true,"href":"https:\/\/luftzug.org\/es\/wp-json\/wp\/v2\/comments?post=99"}],"version-history":[{"count":0,"href":"https:\/\/luftzug.org\/es\/wp-json\/wp\/v2\/pages\/99\/revisions"}],"wp:featuredmedia":[{"embeddable":true,"href":"https:\/\/luftzug.org\/es\/wp-json\/wp\/v2\/media\/100"}],"wp:attachment":[{"href":"https:\/\/luftzug.org\/es\/wp-json\/wp\/v2\/media?parent=99"}],"wp:term":[{"taxonomy":"category","embeddable":true,"href":"https:\/\/luftzug.org\/es\/wp-json\/wp\/v2\/categories?post=99"},{"taxonomy":"post_tag","embeddable":true,"href":"https:\/\/luftzug.org\/es\/wp-json\/wp\/v2\/tags?post=99"}],"curies":[{"name":"wp","href":"https:\/\/api.w.org\/{rel}","templated":true}]}}