{"id":96,"date":"2024-10-02T14:09:26","date_gmt":"2024-10-02T14:09:26","guid":{"rendered":"https:\/\/luftzug.org\/?page_id=96"},"modified":"2024-10-13T07:56:01","modified_gmt":"2024-10-13T07:56:01","slug":"chauffage","status":"publish","type":"page","link":"https:\/\/luftzug.org\/fr\/heizung\/","title":{"rendered":"Chauffage"},"content":{"rendered":"<h1 class=\"wp-block-heading\">Chauffage<\/h1>\n\n\n\n<p>De nos jours, il existe de nombreuses possibilit\u00e9s de se chauffer plus efficacement. Toutes ces possibilit\u00e9s n'ont pas le m\u00eame co\u00fbt, loin s'en faut.<\/p>\n\n\n\n<p>Gr\u00e2ce \u00e0 des conseils simples, je t'aide \u00e0 \u00e9conomiser de l'\u00e9nergie et \u00e0 avoir une vie agr\u00e9able.&nbsp;<a href=\"https:\/\/luftzug.org\/fr\/climat-interieur\/\">Climat int\u00e9rieur<\/a>&nbsp;de cr\u00e9er.<\/p>\n\n\n\n<div id=\"affiliate-style-59f97e54-3dae-4650-b39c-104fb7b40bc3\" class=\"affiliate-block-undefined affiliate-notification-wrapper\"><div class=\"affiliate-notification-inner\"><p class=\"affiliate-notification-content\" id=\"notice-59f97e54-3dae-4650-b39c-104fb7b40bc3\"><a href=\"https:\/\/luftzug.org\/fr\/chauffage\/ventilateurs-poele\/\"><strong>Ventilateurs de four<br><\/strong><\/a>\u00c0 quoi sert un ventilateur de po\u00eale ? Nous expliquons ici son utilit\u00e9 et son fonctionnement.<\/p><\/div><\/div>\n\n\n\n<div id=\"affiliate-style-aabe1ad3-4432-415f-9e43-32b828e8d648\" class=\"affiliate-block-undefined affiliate-notification-wrapper\"><div class=\"affiliate-notification-inner\"><p class=\"affiliate-notification-content\" id=\"notice-aabe1ad3-4432-415f-9e43-32b828e8d648\"><strong><a href=\"https:\/\/luftzug.org\/fr\/chauffage\/chauffage-bain\/\">A\u00e9rotherme de salle de bain<br><\/a><\/strong>Quels sont les a\u00e9rothermes les mieux adapt\u00e9s \u00e0 la salle de bains. Diff\u00e9rents mod\u00e8les test\u00e9s<\/p><\/div><\/div>\n\n\n\n<p><\/p>","protected":false},"excerpt":{"rendered":"<p>Chauffage De nos jours, il existe de nombreuses possibilit\u00e9s de se chauffer plus efficacement. Toutes ces possibilit\u00e9s ne sont pas aussi co\u00fbteuses, loin s'en faut. Gr\u00e2ce \u00e0 cette page, je t'aide \u00e0 \u00e9conomiser de l'\u00e9nergie et \u00e0 cr\u00e9er un climat int\u00e9rieur agr\u00e9able en te donnant des conseils simples.<\/p>","protected":false},"author":1,"featured_media":102,"parent":0,"menu_order":0,"comment_status":"closed","ping_status":"closed","template":"","meta":{"_eb_attr":"","footnotes":""},"categories":[],"tags":[],"class_list":{"0":"post-96","1":"page","2":"type-page","3":"status-publish","4":"has-post-thumbnail","6":"no-featured-image-padding"},"_links":{"self":[{"href":"https:\/\/luftzug.org\/fr\/wp-json\/wp\/v2\/pages\/96","targetHints":{"allow":["GET"]}}],"collection":[{"href":"https:\/\/luftzug.org\/fr\/wp-json\/wp\/v2\/pages"}],"about":[{"href":"https:\/\/luftzug.org\/fr\/wp-json\/wp\/v2\/types\/page"}],"author":[{"embeddable":true,"href":"https:\/\/luftzug.org\/fr\/wp-json\/wp\/v2\/users\/1"}],"replies":[{"embeddable":true,"href":"https:\/\/luftzug.org\/fr\/wp-json\/wp\/v2\/comments?post=96"}],"version-history":[{"count":0,"href":"https:\/\/luftzug.org\/fr\/wp-json\/wp\/v2\/pages\/96\/revisions"}],"wp:featuredmedia":[{"embeddable":true,"href":"https:\/\/luftzug.org\/fr\/wp-json\/wp\/v2\/media\/102"}],"wp:attachment":[{"href":"https:\/\/luftzug.org\/fr\/wp-json\/wp\/v2\/media?parent=96"}],"wp:term":[{"taxonomy":"category","embeddable":true,"href":"https:\/\/luftzug.org\/fr\/wp-json\/wp\/v2\/categories?post=96"},{"taxonomy":"post_tag","embeddable":true,"href":"https:\/\/luftzug.org\/fr\/wp-json\/wp\/v2\/tags?post=96"}],"curies":[{"name":"wp","href":"https:\/\/api.w.org\/{rel}","templated":true}]}}