{"id":99,"date":"2024-10-02T14:13:49","date_gmt":"2024-10-02T14:13:49","guid":{"rendered":"https:\/\/luftzug.org\/?page_id=99"},"modified":"2024-10-06T18:50:57","modified_gmt":"2024-10-06T18:50:57","slug":"refroidissement","status":"publish","type":"page","link":"https:\/\/luftzug.org\/fr\/kuehlung\/","title":{"rendered":"Refroidir"},"content":{"rendered":"<h1 class=\"wp-block-heading\">Refroidir<\/h1>\n\n\n\n<p>Un air ambiant trop chaud p\u00e8se sur l'humeur. M\u00eame la productivit\u00e9 au travail diminue. Sur cette page, je te montre les solutions les plus intelligentes pour obtenir un air ambiant frais et rafra\u00eechissant.<\/p>\n\n\n\n<p>Une agr\u00e9able&nbsp;<a href=\"https:\/\/luftzug.org\/fr\/climat-interieur\/\">Climat int\u00e9rieur<\/a>&nbsp;est la priorit\u00e9 absolue. C'est de cela qu'il s'agit ici !<\/p>\n\n\n\n<p>Il n'est pas toujours n\u00e9cessaire d'installer une climatisation. Dans de nombreux cas, il suffit d'un&nbsp;<a href=\"https:\/\/luftzug.org\/fr\/ventilateurs\/\">Ventilateur<\/a>&nbsp;ou un refroidisseur d'air :<\/p>\n\n\n\n<p>Dans le champ entre les ventilateurs et les grands climatiseurs, il y a plein de classes d'appareils int\u00e9ressants qui apportent de la fra\u00eecheur pour peu d'argent. De plus, certains d'entre eux sont tr\u00e8s flexibles dans leur utilisation. Voici une s\u00e9lection d'alternatives aux grands climatiseurs :<\/p>\n\n\n\n<ul class=\"wp-block-list has-base-2-background-color has-background\">\n<li>Refroidisseur d'air<\/li>\n\n\n\n<li>Climatiseur<\/li>\n\n\n\n<li>Climatiseur de fen\u00eatre<\/li>\n\n\n\n<li>Climatiseur monobloc<\/li>\n<\/ul>\n\n\n\n<p>En fonction du lieu d'utilisation, de la dur\u00e9e, de la fr\u00e9quence et de l'intensit\u00e9 de l'utilisation, l'une ou l'autre de ces classes de produits est particuli\u00e8rement adapt\u00e9e.<a href=\"https:\/\/luftzug.org\/fr\/k%C3%BChlung\/luftk%C3%BChler\/\"><\/a><\/p>\n\n\n\n<div id=\"affiliate-style-1d8a47f2-1b09-4b27-8a05-8ed426711794\" class=\"affiliate-block-undefined affiliate-notification-wrapper\"><div class=\"affiliate-notification-inner\"><p class=\"affiliate-notification-content\" id=\"notice-1d8a47f2-1b09-4b27-8a05-8ed426711794\"><a href=\"https:\/\/luftzug.org\/fr\/k%C3%BChlung\/luftk%C3%BChler\/\"><strong>Refroidisseur d'air<br><\/strong><\/a>Comparaison des climatiseurs sans tuyau d'\u00e9vacuation : ces mod\u00e8les sont recommand\u00e9s.<\/p><\/div><\/div>\n\n\n\n<p><\/p>","protected":false},"excerpt":{"rendered":"<p>Refroidir L'air ambiant trop chaud p\u00e8se sur l'humeur. M\u00eame la productivit\u00e9 au travail diminue. Sur cette page, je te montre les solutions les plus intelligentes pour un air ambiant frais et rafra\u00eechissant. Un climat int\u00e9rieur agr\u00e9able est la priorit\u00e9 absolue. Comment y parvenir et avec quels produits ? C'est de cela qu'il s'agit ici ! Il ne doit pas toujours s'agir d'une climatisation. ... <\/p>\n<p class=\"read-more-container\"><a title=\"Refroidir\" class=\"read-more button\" href=\"https:\/\/luftzug.org\/fr\/kuehlung\/#more-99\" aria-label=\"En savoir plus sur Refroidir\">Lire plus<\/a><\/p>","protected":false},"author":1,"featured_media":100,"parent":0,"menu_order":0,"comment_status":"closed","ping_status":"closed","template":"","meta":{"_eb_attr":"","footnotes":""},"categories":[],"tags":[],"class_list":{"0":"post-99","1":"page","2":"type-page","3":"status-publish","4":"has-post-thumbnail","6":"no-featured-image-padding"},"_links":{"self":[{"href":"https:\/\/luftzug.org\/fr\/wp-json\/wp\/v2\/pages\/99","targetHints":{"allow":["GET"]}}],"collection":[{"href":"https:\/\/luftzug.org\/fr\/wp-json\/wp\/v2\/pages"}],"about":[{"href":"https:\/\/luftzug.org\/fr\/wp-json\/wp\/v2\/types\/page"}],"author":[{"embeddable":true,"href":"https:\/\/luftzug.org\/fr\/wp-json\/wp\/v2\/users\/1"}],"replies":[{"embeddable":true,"href":"https:\/\/luftzug.org\/fr\/wp-json\/wp\/v2\/comments?post=99"}],"version-history":[{"count":0,"href":"https:\/\/luftzug.org\/fr\/wp-json\/wp\/v2\/pages\/99\/revisions"}],"wp:featuredmedia":[{"embeddable":true,"href":"https:\/\/luftzug.org\/fr\/wp-json\/wp\/v2\/media\/100"}],"wp:attachment":[{"href":"https:\/\/luftzug.org\/fr\/wp-json\/wp\/v2\/media?parent=99"}],"wp:term":[{"taxonomy":"category","embeddable":true,"href":"https:\/\/luftzug.org\/fr\/wp-json\/wp\/v2\/categories?post=99"},{"taxonomy":"post_tag","embeddable":true,"href":"https:\/\/luftzug.org\/fr\/wp-json\/wp\/v2\/tags?post=99"}],"curies":[{"name":"wp","href":"https:\/\/api.w.org\/{rel}","templated":true}]}}