{"id":272,"date":"2024-10-04T12:50:17","date_gmt":"2024-10-04T12:50:17","guid":{"rendered":"https:\/\/luftzug.org\/?page_id=272"},"modified":"2024-10-07T20:45:48","modified_gmt":"2024-10-07T20:45:48","slug":"note-legali","status":"publish","type":"page","link":"https:\/\/luftzug.org\/it\/impressum\/","title":{"rendered":"Impronta"},"content":{"rendered":"<h1 class=\"wp-block-heading\"><span class=\"ez-toc-section\" id=\"Impressum\"><\/span>Impronta<span class=\"ez-toc-section-end\"><\/span><\/h1>\n\n\n\n<h2 class=\"wp-block-heading\" id=\"angaben-gem\u00e4\u00df--5-tmg\"><span class=\"ez-toc-section\" id=\"Angaben_gemas_%C2%A7_5_TMG\"><\/span>Informazioni ai sensi del \u00a7 5 TMG<span class=\"ez-toc-section-end\"><\/span><\/h2>\n\n\n\n<p>Maximilian Marx<br>Marlene Dietrich Via 23<br>80636 Monaco<\/p>\n\n\n\n<h2 class=\"wp-block-heading\" id=\"kontakt\"><span class=\"ez-toc-section\" id=\"Kontakt\"><\/span>Contattateci<span class=\"ez-toc-section-end\"><\/span><\/h2>\n\n\n\n<p>Telefono: 0178 8432320<br>e-mail:&nbsp;<code>maxmarx1991@gmail.com<\/code><\/p>\n\n\n\n<h2 class=\"wp-block-heading\" id=\"redaktionell-verantwortlicher\"><span class=\"ez-toc-section\" id=\"Redaktionell_Verantwortlicher\"><\/span>Responsabile editoriale<span class=\"ez-toc-section-end\"><\/span><\/h2>\n\n\n\n<p>Maximilian Marx<br>Marlene Dietrich Via 23<br>80636 Monaco<\/p>\n\n\n\n<h2 class=\"wp-block-heading\" id=\"eu-streitschlichtung\"><span class=\"ez-toc-section\" id=\"EU-Streitschlichtung\"><\/span>Risoluzione delle controversie nell'UE<span class=\"ez-toc-section-end\"><\/span><\/h2>\n\n\n\n<p>La Commissione europea mette a disposizione una piattaforma per la risoluzione delle controversie online (OS):&nbsp;<a href=\"https:\/\/ec.europa.eu\/consumers\/odr\" target=\"_blank\" rel=\"noreferrer noopener\">https:\/\/ec.europa.eu\/consumers\/odr<\/a><\/p>\n\n\n\n<p>Il nostro indirizzo e-mail \u00e8 riportato nella nota legale di cui sopra.<\/p>\n\n\n\n<h2 class=\"wp-block-heading\" id=\"verbraucherstreitbeilegunguniversalschlichtungsstelle\"><span class=\"ez-toc-section\" id=\"VerbraucherstreitbeilegungUniversalschlichtungsstelle\"><\/span>Centro di risoluzione delle controversie dei consumatori\/arbitrato universale<span class=\"ez-toc-section-end\"><\/span><\/h2>\n\n\n\n<p>Non siamo disposti o obbligati a partecipare a procedure di risoluzione delle controversie davanti a un collegio arbitrale dei consumatori.<\/p>\n\n\n\n<h2 class=\"wp-block-heading\" id=\"haftung-f\u00fcr-inhalte\"><span class=\"ez-toc-section\" id=\"Haftung_fur_Inhalte\"><\/span>Responsabilit\u00e0 per i contenuti<span class=\"ez-toc-section-end\"><\/span><\/h2>\n\n\n\n<p>In qualit\u00e0 di fornitore di servizi, siamo responsabili dei nostri contenuti su queste pagine ai sensi dell'art. 7 (1) TMG (legge tedesca sui media telematici) e della legislazione generale. Ai sensi dei \u00a7\u00a7 8-10 TMG, tuttavia, in qualit\u00e0 di fornitore di servizi non siamo obbligati a monitorare le informazioni trasmesse o memorizzate da terzi o a indagare su circostanze che indicano un'attivit\u00e0 illegale.<\/p>\n\n\n\n<p>L'obbligo di rimuovere o bloccare l'uso delle informazioni in conformit\u00e0 alla legislazione generale rimane inalterato. Tuttavia, la responsabilit\u00e0 in questo senso \u00e8 possibile solo dal momento in cui veniamo a conoscenza di una specifica violazione. Non appena verremo a conoscenza di tali violazioni, provvederemo a rimuovere immediatamente tali contenuti.<\/p>\n\n\n\n<h3 class=\"wp-block-heading\" id=\"haftung-f\u00fcr-links\"><span class=\"ez-toc-section\" id=\"Haftung_fur_Links\"><\/span>Responsabilit\u00e0 per i link<span class=\"ez-toc-section-end\"><\/span><\/h3>\n\n\n\n<p>Il nostro sito web contiene link a siti esterni di terzi sui cui contenuti non abbiamo alcuna influenza. Pertanto, non ci assumiamo alcuna responsabilit\u00e0 per questi contenuti di terzi. Il rispettivo fornitore o gestore delle pagine \u00e8 sempre responsabile del contenuto delle pagine collegate. Le pagine collegate sono state controllate per verificare eventuali violazioni di legge al momento del collegamento. I contenuti illegali non erano riconoscibili al momento del collegamento.<\/p>\n\n\n\n<p>Tuttavia, il monitoraggio permanente del contenuto delle pagine collegate non \u00e8 ragionevole senza prove concrete di una violazione. Se veniamo a conoscenza di violazioni legali, rimuoveremo immediatamente tali link.<\/p>\n\n\n\n<h3 class=\"wp-block-heading\" id=\"urheberrecht\"><span class=\"ez-toc-section\" id=\"Urheberrecht\"><\/span>Copyright<span class=\"ez-toc-section-end\"><\/span><\/h3>\n\n\n\n<p>I contenuti e le opere create dagli operatori del sito su queste pagine sono soggetti alla legge tedesca sul diritto d'autore. La duplicazione, l'elaborazione, la distribuzione e qualsiasi tipo di utilizzo al di fuori dei limiti della legge sul copyright richiedono il consenso scritto del rispettivo autore o creatore. Download e copie di questo sito sono consentiti solo per uso privato e non commerciale.<\/p>\n\n\n\n<p>Nella misura in cui i contenuti di questo sito non sono stati creati dal gestore, vengono rispettati i diritti d'autore di terzi. In particolare, i contenuti di terzi sono contrassegnati come tali. Se tuttavia doveste venire a conoscenza di una violazione del copyright, vi preghiamo di informarci. Qualora venissimo a conoscenza di violazioni, provvederemo a rimuovere immediatamente tali contenuti.<\/p>","protected":false},"excerpt":{"rendered":"<p>Informazioni ai sensi del \u00a7 5 TMG Maximilian MarxMarlene Dietrich Stra\u00dfe 2380636 M\u00fcnchen Contatto Telefono: 0178 8432320E-Mail: maxmarx1991@gmail.com Responsabile editoriale Maximilian MarxMarlene Dietrich Stra\u00dfe 2380636 M\u00fcnchen Risoluzione delle controversie UE La Commissione europea mette a disposizione una piattaforma per la risoluzione delle controversie online (OS): https:\/\/ec.europa.eu\/consumers\/odr Il nostro indirizzo e-mail \u00e8 riportato sopra nell'imprinting. Risoluzione delle controversie dei consumatori\/Collegio arbitrale universale Non siamo disposti o obbligati a partecipare a procedure di risoluzione delle controversie davanti a un collegio arbitrale dei consumatori. ... <\/p>\n<p class=\"read-more-container\"><a title=\"Impronta\" class=\"read-more button\" href=\"https:\/\/luftzug.org\/it\/impressum\/#more-272\" aria-label=\"Per saperne di pi\u00f9 su Imprint\">Leggi tutto<\/a><\/p>","protected":false},"author":1,"featured_media":273,"parent":0,"menu_order":0,"comment_status":"closed","ping_status":"closed","template":"","meta":{"_eb_attr":"","footnotes":""},"categories":[],"tags":[],"class_list":{"0":"post-272","1":"page","2":"type-page","3":"status-publish","4":"has-post-thumbnail","6":"no-featured-image-padding"},"_links":{"self":[{"href":"https:\/\/luftzug.org\/it\/wp-json\/wp\/v2\/pages\/272","targetHints":{"allow":["GET"]}}],"collection":[{"href":"https:\/\/luftzug.org\/it\/wp-json\/wp\/v2\/pages"}],"about":[{"href":"https:\/\/luftzug.org\/it\/wp-json\/wp\/v2\/types\/page"}],"author":[{"embeddable":true,"href":"https:\/\/luftzug.org\/it\/wp-json\/wp\/v2\/users\/1"}],"replies":[{"embeddable":true,"href":"https:\/\/luftzug.org\/it\/wp-json\/wp\/v2\/comments?post=272"}],"version-history":[{"count":0,"href":"https:\/\/luftzug.org\/it\/wp-json\/wp\/v2\/pages\/272\/revisions"}],"wp:featuredmedia":[{"embeddable":true,"href":"https:\/\/luftzug.org\/it\/wp-json\/wp\/v2\/media\/273"}],"wp:attachment":[{"href":"https:\/\/luftzug.org\/it\/wp-json\/wp\/v2\/media?parent=272"}],"wp:term":[{"taxonomy":"category","embeddable":true,"href":"https:\/\/luftzug.org\/it\/wp-json\/wp\/v2\/categories?post=272"},{"taxonomy":"post_tag","embeddable":true,"href":"https:\/\/luftzug.org\/it\/wp-json\/wp\/v2\/tags?post=272"}],"curies":[{"name":"wp","href":"https:\/\/api.w.org\/{rel}","templated":true}]}}