{"id":276,"date":"2024-10-04T13:08:03","date_gmt":"2024-10-04T13:08:03","guid":{"rendered":"https:\/\/luftzug.org\/?page_id=276"},"modified":"2024-10-07T20:45:40","modified_gmt":"2024-10-07T20:45:40","slug":"protezione-dei-dati","status":"publish","type":"page","link":"https:\/\/luftzug.org\/it\/datenschutz\/","title":{"rendered":"Informativa sulla privacy"},"content":{"rendered":"<h1 class=\"wp-block-heading\"><span class=\"ez-toc-section\" id=\"Datenschutzerklarung\"><\/span>Informativa sulla privacy<span class=\"ez-toc-section-end\"><\/span><\/h1>\n\n\n\n<h2 class=\"wp-block-heading\" id=\"1-datenschutz-auf-einen-blick\"><span class=\"ez-toc-section\" id=\"1_Datenschutz_auf_einen_Blick\"><\/span>1. La protezione dei dati in sintesi<span class=\"ez-toc-section-end\"><\/span><\/h2>\n\n\n\n<h3 class=\"wp-block-heading\" id=\"allgemeine-hinweise\"><span class=\"ez-toc-section\" id=\"Allgemeine_Hinweise\"><\/span>Informazioni generali<span class=\"ez-toc-section-end\"><\/span><\/h3>\n\n\n\n<p>Le seguenti informazioni forniscono una semplice panoramica di ci\u00f2 che accade ai vostri dati personali quando visitate questo sito web. Per dati personali si intendono tutti i dati che possono essere utilizzati per identificarvi personalmente. Informazioni dettagliate sul tema della protezione dei dati sono disponibili nella nostra dichiarazione sulla protezione dei dati riportata sotto questo testo.<\/p>\n\n\n\n<h3 class=\"wp-block-heading\" id=\"datenerfassung-auf-dieser-website\"><span class=\"ez-toc-section\" id=\"Datenerfassung_auf_dieser_Website\"><\/span>Raccolta di dati su questo sito web<span class=\"ez-toc-section-end\"><\/span><\/h3>\n\n\n\n<p>Chi \u00e8 responsabile della raccolta dei dati su questo sito web? Il trattamento dei dati su questo sito web viene effettuato dal gestore del sito. I dati di contatto del gestore sono riportati nella sezione \"Informazioni sul responsabile del trattamento\" della presente informativa sulla privacy.<\/p>\n\n\n\n<h4 class=\"wp-block-heading\" id=\"wie-erfassen-wir-ihre-daten\">Come raccogliamo i vostri dati?<\/h4>\n\n\n\n<p>Da un lato, i vostri dati vengono raccolti quando ce li fornite. Pu\u00f2 trattarsi, ad esempio, dei dati inseriti in un modulo di contatto.<\/p>\n\n\n\n<p>Altri dati vengono raccolti automaticamente o con il vostro consenso dai nostri sistemi informatici quando visitate il sito web. Si tratta principalmente di dati tecnici (ad es. browser Internet, sistema operativo o tempo di visualizzazione della pagina). Questi dati vengono raccolti automaticamente non appena si accede al sito web.<\/p>\n\n\n\n<h4 class=\"wp-block-heading\" id=\"wof\u00fcr-nutzen-wir-ihre-daten\">Per cosa utilizziamo i vostri dati?<\/h4>\n\n\n\n<p>Alcuni dati vengono raccolti per garantire che il sito web venga fornito senza errori. Altri dati possono essere utilizzati per analizzare il comportamento degli utenti.<\/p>\n\n\n\n<h4 class=\"wp-block-heading\" id=\"welche-rechte-haben-sie-bez\u00fcglich-ihrer-daten\">Quali diritti avete sui vostri dati?<\/h4>\n\n\n\n<p>Avete il diritto di ricevere gratuitamente in qualsiasi momento informazioni sull'origine, il destinatario e lo scopo dei vostri dati personali memorizzati. Avete inoltre il diritto di richiedere la correzione o la cancellazione di tali dati. Se avete dato il vostro consenso al trattamento dei dati, potete revocarlo in qualsiasi momento per il futuro. Avete anche il diritto di richiedere la limitazione del trattamento dei vostri dati personali in determinate circostanze. Inoltre, avete il diritto di presentare un reclamo all'autorit\u00e0 di vigilanza competente.<\/p>\n\n\n\n<p>Potete contattarci in qualsiasi momento se avete ulteriori domande sul tema della protezione dei dati.<\/p>\n\n\n\n<h2 class=\"wp-block-heading\" id=\"2-hosting\"><span class=\"ez-toc-section\" id=\"2_Hosting\"><\/span>2. hosting<span class=\"ez-toc-section-end\"><\/span><\/h2>\n\n\n\n<p>Il contenuto del nostro sito web \u00e8 ospitato dal seguente provider:<\/p>\n\n\n\n<h3 class=\"wp-block-heading\" id=\"hetzner\"><span class=\"ez-toc-section\" id=\"Strato\"><\/span>Strato<span class=\"ez-toc-section-end\"><\/span><\/h3>\n\n\n\n<p>Il fornitore \u00e8 Strato , <br>Otto-Ostrowski-Stra\u00dfe 7,<br>10249 Berlino (di seguito Strato).<\/p>\n\n\n\n<p>I dettagli sono riportati nell'informativa sulla privacy di Strato: https:\/\/www.strato.de\/datenschutz\/.<\/p>\n\n\n\n<p>L'utilizzo di Strato si basa sull'art. 6 par. 1 lett. f GDPR. Abbiamo un interesse legittimo a visualizzare il nostro sito web nel modo pi\u00f9 affidabile possibile. Se \u00e8 stato richiesto un consenso corrispondente, il trattamento viene effettuato esclusivamente sulla base dell'Art. 6 Par. 1 lit. a GDPR e del \u00a7 25 Par. 1 TTDSG, nella misura in cui il consenso include la memorizzazione di cookie o l'accesso a informazioni nel dispositivo terminale dell'utente (ad es. impronta digitale del dispositivo) ai sensi del TTDSG. Il consenso pu\u00f2 essere revocato in qualsiasi momento.<\/p>\n\n\n\n<h3 class=\"wp-block-heading\" id=\"auftragsverarbeitung\"><span class=\"ez-toc-section\" id=\"Auftragsverarbeitung\"><\/span>Elaborazione dell'ordine<span class=\"ez-toc-section-end\"><\/span><\/h3>\n\n\n\n<p>Abbiamo stipulato un contratto di elaborazione degli ordini (AVV) con il fornitore di cui sopra. Si tratta di un contratto prescritto dalla legge sulla protezione dei dati, che garantisce che il fornitore tratter\u00e0 i dati personali dei visitatori del nostro sito web solo in conformit\u00e0 alle nostre istruzioni e nel rispetto del GDPR.<\/p>\n\n\n\n<h2 class=\"wp-block-heading\" id=\"3-allgemeine-hinweise-und-pflichtinformationen\"><span class=\"ez-toc-section\" id=\"3_Allgemeine_Hinweise_und_Pflichtinformationen\"><\/span>3 Note generali e informazioni obbligatorie<span class=\"ez-toc-section-end\"><\/span><\/h2>\n\n\n\n<h3 class=\"wp-block-heading\" id=\"datenschutz\"><span class=\"ez-toc-section\" id=\"Datenschutz\"><\/span>Protezione dei dati<span class=\"ez-toc-section-end\"><\/span><\/h3>\n\n\n\n<p>I gestori di queste pagine prendono molto sul serio la protezione dei vostri dati personali. Trattiamo i vostri dati personali in modo confidenziale e in conformit\u00e0 alle norme di legge sulla protezione dei dati e alla presente informativa sulla privacy.<\/p>\n\n\n\n<p>Quando si utilizza questo sito web, vengono raccolti diversi dati personali. I dati personali sono dati che possono essere utilizzati per identificarvi personalmente. La presente informativa sulla privacy spiega quali dati raccogliamo e per quali scopi li utilizziamo. Spiega inoltre come e per quale scopo vengono raccolti.<\/p>\n\n\n\n<p>Desideriamo sottolineare che la trasmissione di dati su Internet (ad esempio, quando si comunica via e-mail) pu\u00f2 essere soggetta a vulnerabilit\u00e0 di sicurezza. Non \u00e8 possibile proteggere completamente i dati dall'accesso di terzi.<\/p>\n\n\n\n<h3 class=\"wp-block-heading\" id=\"hinweis-zur-verantwortlichen-stelle\"><span class=\"ez-toc-section\" id=\"Hinweis_zur_verantwortlichen_Stelle\"><\/span>Nota sull'organismo responsabile<span class=\"ez-toc-section-end\"><\/span><\/h3>\n\n\n\n<p>Il responsabile del trattamento dei dati su questo sito web \u00e8<\/p>\n\n\n\n<p>Maximilian Marx<br>Marlene Dietrich Via 23<br>80636 Monaco<\/p>\n\n\n\n<p>Telefono: 0178 8432320<br>e-mail:\u00a0<code>maxmarx1991@gmail.com<\/code><\/p>\n\n\n\n<p>Il responsabile del trattamento \u00e8 la persona fisica o giuridica che, da sola o insieme ad altri, determina le finalit\u00e0 e i mezzi del trattamento dei dati personali (ad esempio, nomi, indirizzi e-mail, ecc.).<\/p>\n\n\n\n<h3 class=\"wp-block-heading\" id=\"speicherdauer\"><span class=\"ez-toc-section\" id=\"Speicherdauer\"><\/span>Durata della conservazione<span class=\"ez-toc-section-end\"><\/span><\/h3>\n\n\n\n<p>A meno che non sia stato specificato un periodo di conservazione pi\u00f9 specifico nella presente informativa sulla privacy, i vostri dati personali rimarranno presso di noi fino a quando lo scopo del trattamento dei dati non sar\u00e0 pi\u00f9 valido. In caso di richiesta giustificata di cancellazione o di revoca del consenso al trattamento dei dati, i vostri dati saranno cancellati, a meno che non vi siano altri motivi legalmente consentiti per la conservazione dei vostri dati personali (ad esempio, periodi di conservazione previsti dal diritto fiscale o commerciale); in quest'ultimo caso, la cancellazione avverr\u00e0 dopo che tali motivi non saranno pi\u00f9 validi.<\/p>\n\n\n\n<h3 class=\"wp-block-heading\" id=\"allgemeine-hinweise-zu-den-rechtsgrundlagen-der-datenverarbeitung-auf-dieser-website\"><span class=\"ez-toc-section\" id=\"Allgemeine_Hinweise_zu_den_Rechtsgrundlagen_der_Datenverarbeitung_auf_dieser_Website\"><\/span>Informazioni generali sulla base giuridica del trattamento dei dati su questo sito web<span class=\"ez-toc-section-end\"><\/span><\/h3>\n\n\n\n<p>Se avete acconsentito al trattamento dei dati, trattiamo i vostri dati personali sulla base dell'art. 6 par. 1 lett. a GDPR o dell'art. 9 par. 2 lett. a GDPR, nella misura in cui vengono trattate categorie particolari di dati ai sensi dell'art. 9 par. 1 GDPR. In caso di consenso esplicito al trasferimento dei dati personali a paesi terzi, il trattamento dei dati avviene anche sulla base dell'art. 49 cpv. 1 lett. a GDPR. Se avete acconsentito alla memorizzazione di cookie o all'accesso a informazioni nel vostro dispositivo finale (ad es. tramite il fingerprinting del dispositivo), l'elaborazione dei dati avviene anche sulla base dell'art. 25 (1) TTDSG. Il consenso pu\u00f2 essere revocato in qualsiasi momento. Se i vostri dati sono necessari per l'adempimento di un contratto o per l'esecuzione di misure precontrattuali, li trattiamo sulla base dell'art. 6 comma 1 lett. b GDPR. Inoltre, trattiamo i vostri dati se ci\u00f2 \u00e8 necessario per adempiere a un obbligo di legge ai sensi dell'art. 6 par. 1 lett. c GDPR. Il trattamento dei dati pu\u00f2 essere effettuato anche sulla base del nostro legittimo interesse ai sensi dell'art. 6 par. 1 lett. f GDPR. Le informazioni sulle basi giuridiche pertinenti per ogni singolo caso sono fornite nei paragrafi successivi della presente informativa sulla privacy.<\/p>\n\n\n\n<h3 class=\"wp-block-heading\" id=\"hinweis-zur-datenweitergabe-in-die-usa-und-sonstige-drittstaaten\"><span class=\"ez-toc-section\" id=\"Hinweis_zur_Datenweitergabe_in_die_USA_und_sonstige_Drittstaaten\"><\/span>Nota sul trasferimento dei dati negli Stati Uniti e in altri paesi terzi<span class=\"ez-toc-section-end\"><\/span><\/h3>\n\n\n\n<p>Tra l'altro, utilizziamo strumenti di societ\u00e0 con sede negli Stati Uniti o in altri paesi terzi che non sono sicuri ai sensi della legge sulla protezione dei dati. Se questi strumenti sono attivi, i vostri dati personali possono essere trasferiti e trattati in questi paesi terzi. Desideriamo sottolineare che in questi paesi non \u00e8 possibile garantire un livello di protezione dei dati paragonabile a quello dell'UE. Ad esempio, le aziende statunitensi sono obbligate a consegnare i dati personali alle autorit\u00e0 di sicurezza senza che voi, in quanto interessati, possiate intraprendere azioni legali contro di esse. Non si pu\u00f2 quindi escludere che le autorit\u00e0 statunitensi (ad esempio i servizi segreti) possano elaborare, analizzare e memorizzare in modo permanente i vostri dati su server statunitensi a scopo di sorveglianza. Non abbiamo alcuna influenza su queste attivit\u00e0 di elaborazione.<\/p>\n\n\n\n<h3 class=\"wp-block-heading\" id=\"widerruf-ihrer-einwilligung-zur-datenverarbeitung\"><span class=\"ez-toc-section\" id=\"Widerruf_Ihrer_Einwilligung_zur_Datenverarbeitung\"><\/span>Revoca del consenso al trattamento dei dati<span class=\"ez-toc-section-end\"><\/span><\/h3>\n\n\n\n<p>Molte operazioni di trattamento dei dati sono possibili solo con il vostro consenso esplicito. Potete revocare il vostro consenso in qualsiasi momento. La legalit\u00e0 del trattamento dei dati effettuato fino alla revoca rimane inalterata.<\/p>\n\n\n\n<h3 class=\"wp-block-heading\" id=\"widerspruchsrecht-gegen-die-datenerhebung-in-besonderen-f\u00e4llen-sowie-gegen-direktwerbung-art-21-dsgvo\"><span class=\"ez-toc-section\" id=\"Widerspruchsrecht_gegen_die_Datenerhebung_in_besonderen_Fallen_sowie_gegen_Direktwerbung_Art_21_DSGVO\"><\/span>Diritto di opporsi alla raccolta dei dati in casi particolari e al marketing diretto (Art. 21 GDPR)<span class=\"ez-toc-section-end\"><\/span><\/h3>\n\n\n\n<p>SE IL TRATTAMENTO DEI DATI SI BASA SULL'ART. 6 ABS. 1 LIT. E O F DEL GDPR, AVETE IL DIRITTO DI OPPORVI IN QUALSIASI MOMENTO AL TRATTAMENTO DEI VOSTRI DATI PERSONALI PER MOTIVI CONNESSI ALLA VOSTRA SITUAZIONE PARTICOLARE; CI\u00d2 VALE ANCHE PER LA PROFILAZIONE BASATA SU TALI DISPOSIZIONI. LE RISPETTIVE BASI GIURIDICHE SU CUI SI FONDA IL TRATTAMENTO SONO RIPORTATE NELLA PRESENTE INFORMATIVA SULLA PRIVACY. IN CASO DI OPPOSIZIONE, NON TRATTEREMO PI\u00d9 I VOSTRI DATI PERSONALI IN QUESTIONE, A MENO CHE NON POSSIAMO DIMOSTRARE L'ESISTENZA DI MOTIVI LEGITTIMI IMPELLENTI PER IL TRATTAMENTO CHE PREVALGONO SUI VOSTRI INTERESSI, DIRITTI E LIBERT\u00c0 O CHE IL TRATTAMENTO SERVE PER L'ISTITUZIONE, L'ESERCIZIO O LA DIFESA DI RIVENDICAZIONI LEGALI (OPPOSIZIONE AI SENSI DELL'ART. 21 PAR. 1 GDPR).<\/p>\n\n\n\n<p>SE I VOSTRI DATI PERSONALI SONO TRATTATI PER FINALIT\u00c0 DI MARKETING DIRETTO, AVETE IL DIRITTO DI OPPORVI IN QUALSIASI MOMENTO AL TRATTAMENTO DEI DATI PERSONALI CHE VI RIGUARDANO PER TALI FINALIT\u00c0; CI\u00d2 VALE ANCHE PER LA PROFILAZIONE NELLA MISURA IN CUI \u00c8 CONNESSA A TALE MARKETING DIRETTO. IN CASO DI OPPOSIZIONE, I VOSTRI DATI PERSONALI NON SARANNO PI\u00d9 UTILIZZATI PER FINALIT\u00c0 DI MARKETING DIRETTO (OPPOSIZIONE AI SENSI DELL'ART. 21 PAR. 2 GDPR).<\/p>\n\n\n\n<h3 class=\"wp-block-heading\" id=\"beschwerderecht-bei-der-zust\u00e4ndigen-aufsichtsbeh\u00f6rde\"><span class=\"ez-toc-section\" id=\"Beschwerderecht_bei_der_zustandigen_Aufsichtsbehorde\"><\/span>Diritto di presentare un reclamo all'autorit\u00e0 di controllo competente<span class=\"ez-toc-section-end\"><\/span><\/h3>\n\n\n\n<p>In caso di violazione del GDPR, gli interessati hanno il diritto di proporre reclamo a un'autorit\u00e0 di controllo, in particolare nello Stato membro di residenza abituale, di lavoro o di presunta violazione. Il diritto di presentare un reclamo non pregiudica eventuali altri rimedi amministrativi o giudiziari.<\/p>\n\n\n\n<h3 class=\"wp-block-heading\" id=\"recht-auf-daten\u00fcbertragbarkeit\"><span class=\"ez-toc-section\" id=\"Recht_auf_Datenubertragbarkeit\"><\/span>Diritto alla portabilit\u00e0 dei dati<span class=\"ez-toc-section-end\"><\/span><\/h3>\n\n\n\n<p>Avete il diritto di ottenere che i dati da noi trattati automaticamente sulla base del vostro consenso o in adempimento di un contratto vengano consegnati a voi o a terzi in un formato comunemente utilizzato e leggibile da una macchina. Se richiedete il trasferimento diretto dei dati a un altro titolare del trattamento, questo avverr\u00e0 solo se tecnicamente fattibile.<\/p>\n\n\n\n<h3 class=\"wp-block-heading\" id=\"auskunft-l\u00f6schung-und-berichtigung\"><span class=\"ez-toc-section\" id=\"Auskunft_Loschung_und_Berichtigung\"><\/span>Informazioni, cancellazione e correzione<span class=\"ez-toc-section-end\"><\/span><\/h3>\n\n\n\n<p>Nell'ambito delle disposizioni di legge applicabili, avete il diritto di ottenere in qualsiasi momento informazioni gratuite sui vostri dati personali memorizzati, sulla loro origine e sul loro destinatario e sullo scopo del trattamento dei dati e, se necessario, il diritto alla correzione o alla cancellazione di tali dati. Potete contattarci in qualsiasi momento se avete ulteriori domande sul tema dei dati personali.<\/p>\n\n\n\n<h3 class=\"wp-block-heading\" id=\"recht-auf-einschr\u00e4nkung-der-verarbeitung\"><span class=\"ez-toc-section\" id=\"Recht_auf_Einschrankung_der_Verarbeitung\"><\/span>Diritto alla limitazione del trattamento<span class=\"ez-toc-section-end\"><\/span><\/h3>\n\n\n\n<p>Avete il diritto di richiedere la limitazione del trattamento dei vostri dati personali. Potete contattarci in qualsiasi momento per farlo. Il diritto alla limitazione del trattamento sussiste nei seguenti casi:<\/p>\n\n\n\n<p>Se contestate l'esattezza dei vostri dati personali da noi memorizzati, in genere abbiamo bisogno di tempo per verificarla. Per la durata della verifica, avete il diritto di richiedere la limitazione del trattamento dei vostri dati personali. Se il trattamento dei vostri dati personali era\/\u00e8 illegale, potete richiedere la limitazione del trattamento dei dati invece della cancellazione. Se i vostri dati personali non ci servono pi\u00f9, ma vi servono per l'esercizio, la difesa o l'affermazione di diritti legali, avete il diritto di richiedere la limitazione del trattamento dei vostri dati personali invece della loro cancellazione. Se avete presentato un'obiezione ai sensi dell'art. 21 par. 1 GDPR, \u00e8 necessario trovare un equilibrio tra i vostri interessi e i nostri. Finch\u00e9 non \u00e8 ancora stato stabilito quali interessi prevalgono, avete il diritto di richiedere la limitazione del trattamento dei vostri dati personali. Se avete limitato il trattamento dei vostri dati personali, questi - a parte la loro conservazione - potranno essere trattati solo con il vostro consenso o per l'accertamento, l'esercizio o la difesa di diritti legali o per la tutela dei diritti di un'altra persona fisica o giuridica o per motivi di rilevante interesse pubblico dell'Unione Europea o di uno Stato membro.<\/p>\n\n\n\n<h3 class=\"wp-block-heading\" id=\"ssl--bzw-tls-verschl\u00fcsselung\"><span class=\"ez-toc-section\" id=\"SSL-_bzw_TLS-Verschlusselung\"><\/span>Crittografia SSL o TLS<span class=\"ez-toc-section-end\"><\/span><\/h3>\n\n\n\n<p>Questo sito utilizza la crittografia SSL o TLS per motivi di sicurezza e per proteggere la trasmissione di contenuti riservati, come gli ordini o le richieste di informazioni che ci inviate in qualit\u00e0 di gestore del sito. \u00c8 possibile riconoscere una connessione crittografata dal fatto che la riga dell'indirizzo del browser passa da \"http:\/\/\" a \"https:\/\/\" e dal simbolo del lucchetto nella riga del browser.<\/p>\n\n\n\n<p>Se la crittografia SSL o TLS \u00e8 attivata, i dati che ci trasmettete non possono essere letti da terzi.<\/p>\n\n\n\n<p>Obiezione alle e-mail pubblicitarie Con la presente ci opponiamo all'utilizzo dei dati di contatto pubblicati nell'ambito dell'obbligo di notifica legale per l'invio di materiale pubblicitario e informativo non richiesto. I gestori di questo sito web si riservano espressamente il diritto di intraprendere azioni legali in caso di invio non richiesto di informazioni pubblicitarie, come ad esempio le e-mail di spam.<\/p>\n\n\n\n<h2 class=\"wp-block-heading\" id=\"4-datenerfassung-auf-dieser-website\"><span class=\"ez-toc-section\" id=\"4_Datenerfassung_auf_dieser_Website\"><\/span>4. raccolta di dati su questo sito web<span class=\"ez-toc-section-end\"><\/span><\/h2>\n\n\n\n<h3 class=\"wp-block-heading\" id=\"cookies\"><span class=\"ez-toc-section\" id=\"Cookies\"><\/span>Biscotti<span class=\"ez-toc-section-end\"><\/span><\/h3>\n\n\n\n<p>Le nostre pagine Internet utilizzano i cosiddetti \"cookie\". I cookie sono piccoli pacchetti di dati e non causano alcun danno al vostro dispositivo finale. Vengono memorizzati sul vostro dispositivo temporaneamente per la durata di una sessione (cookie di sessione) o permanentemente (cookie permanenti). I cookie di sessione vengono cancellati automaticamente al termine della visita. I cookie permanenti rimangono memorizzati sul dispositivo finale dell'utente fino a quando non vengono eliminati dall'utente stesso o vengono eliminati automaticamente dal browser web.<\/p>\n\n\n\n<p>In alcuni casi, quando visitate il nostro sito web, possono essere memorizzati sul vostro dispositivo anche cookie di aziende terze (cookie di terze parti). Questi consentono a noi o a voi di utilizzare determinati servizi della societ\u00e0 terza (ad esempio, i cookie per l'elaborazione dei servizi di pagamento).<\/p>\n\n\n\n<p>I cookie hanno diverse funzioni. Molti cookie sono tecnicamente necessari, in quanto alcune funzioni del sito web non potrebbero funzionare senza di essi (ad esempio, la funzione del carrello della spesa o la visualizzazione di video). Altri cookie sono utilizzati per valutare il comportamento degli utenti o per visualizzare pubblicit\u00e0.<\/p>\n\n\n\n<p>I cookie necessari per eseguire il processo di comunicazione elettronica, per fornire determinate funzioni richieste dall'utente (ad es. per la funzione carrello) o per ottimizzare il sito web (ad es. cookie per misurare l'audience del web) (cookie necessari) vengono memorizzati sulla base dell'art. 6 par. 1 lett. f GDPR, a meno che non venga specificata un'altra base giuridica. L'operatore del sito web ha un interesse legittimo nella memorizzazione dei cookie necessari per la fornitura tecnicamente priva di errori e ottimizzata dei propri servizi. Se \u00e8 stato richiesto il consenso alla memorizzazione di cookie e tecnologie di riconoscimento comparabili, il trattamento avviene esclusivamente sulla base di tale consenso (art. 6 cpv. 1 lett. a GDPR e \u00a7 25 cpv. 1 TTDSG); il consenso pu\u00f2 essere revocato in qualsiasi momento.<\/p>\n\n\n\n<p>Potete impostare il vostro browser in modo da essere informati sull'impostazione dei cookie e consentire i cookie solo in singoli casi, escludere l'accettazione dei cookie per determinati casi o in generale e attivare la cancellazione automatica dei cookie alla chiusura del browser. Se i cookie vengono disattivati, la funzionalit\u00e0 di questo sito web potrebbe essere limitata.<\/p>\n\n\n\n<p>Nel caso in cui i cookie vengano utilizzati da societ\u00e0 terze o per scopi di analisi, vi informeremo separatamente nel contesto della presente dichiarazione sulla protezione dei dati e, se necessario, richiederemo il vostro consenso.<\/p>\n\n\n\n<h3 class=\"wp-block-heading\" id=\"server-log-dateien\"><span class=\"ez-toc-section\" id=\"Server-Log-Dateien\"><\/span>File di log del server<span class=\"ez-toc-section-end\"><\/span><\/h3>\n\n\n\n<p>Il fornitore delle pagine raccoglie e memorizza automaticamente le informazioni nei cosiddetti file di log del server, che il vostro browser ci trasmette automaticamente. Questi sono<\/p>\n\n\n\n<ul class=\"wp-block-list\">\n<li>Tipo e versione del browser<\/li>\n\n\n\n<li>Sistema operativo utilizzato<\/li>\n\n\n\n<li>URL di riferimento<\/li>\n\n\n\n<li>Nome host del computer di accesso<\/li>\n\n\n\n<li>Ora della richiesta del server<\/li>\n\n\n\n<li>Indirizzo IP<\/li>\n\n\n\n<li>Questi dati non vengono uniti ad altre fonti di dati.<\/li>\n<\/ul>\n\n\n\n<p>Questi dati vengono raccolti sulla base dell'art. 6 comma 1 lett. f GDPR. Il gestore del sito web ha un interesse legittimo alla presentazione tecnicamente priva di errori e all'ottimizzazione del proprio sito web - a tal fine \u00e8 necessario registrare i file di log del server.<\/p>\n\n\n\n<h2 class=\"wp-block-heading\" id=\"5-online-marketing-und-partnerprogramme\"><span class=\"ez-toc-section\" id=\"5_Online-Marketing_und_Partnerprogramme\"><\/span>5. marketing online e programmi per i partner<span class=\"ez-toc-section-end\"><\/span><\/h2>\n\n\n\n<p>Programmi di affiliazione su questo sito web Partecipiamo a programmi di partner affiliati. Nei programmi di affiliazione, gli annunci pubblicitari di un'azienda (inserzionista) vengono inseriti nei siti web di altre aziende della rete di partner affiliati (editore). Se cliccate su uno di questi annunci affiliati, verrete reindirizzati all'offerta pubblicizzata. Se successivamente l'utente effettua una determinata transazione (conversione), l'editore riceve un compenso per questo. Per calcolare questo compenso, \u00e8 necessario che l'operatore della rete di affiliazione sia in grado di tracciare quale annuncio vi ha portato alla rispettiva offerta e quale transazione predefinita avete effettuato. A tale scopo vengono utilizzati cookie o tecnologie di riconoscimento comparabili (ad esempio, l'impronta digitale del dispositivo).<\/p>\n\n\n\n<p>I dati vengono memorizzati e analizzati sulla base dell'art. 6 par. 1 lett. f GDPR. Il gestore del sito web ha un interesse legittimo al calcolo corretto della remunerazione dei propri affiliati. Se \u00e8 stato richiesto un consenso corrispondente, il trattamento avviene esclusivamente sulla base dell'art. 6 cpv. 1 lett. a GDPR e del \u00a7 25 cpv. 1 TTDSG, nella misura in cui il consenso comprende la memorizzazione di cookie o l'accesso a informazioni nel dispositivo terminale dell'utente (ad es. fingerprinting del dispositivo) ai sensi del TTDSG. Il consenso pu\u00f2 essere revocato in qualsiasi momento.<\/p>\n\n\n\n<p>Partecipiamo ai seguenti programmi di affiliazione:<\/p>\n\n\n\n<h3 class=\"wp-block-heading\" id=\"amazon-partnerprogramm\"><span class=\"ez-toc-section\" id=\"Amazon_Partnerprogramm\"><\/span>Programma Partner Amazon<span class=\"ez-toc-section-end\"><\/span><\/h3>\n\n\n\n<p>Il fornitore \u00e8 Amazon Europe Core S.\u00e0.r.l. Per maggiori dettagli, consultare l'informativa sulla privacy di Amazon all'indirizzo:&nbsp;<a href=\"https:\/\/www.amazon.de\/gp\/help\/customer\/display.html?nodeId=201909010\" target=\"_blank\" rel=\"noreferrer noopener\">https:\/\/www.amazon.de\/gp\/help\/customer\/display.html?nodeId=201909010<\/a>.<\/p>\n\n\n\n<p><\/p>\n\n\n\n<h2 class=\"wp-block-heading\" id=\"angaben-gem\u00e4\u00df--5-tmg\"><\/h2>","protected":false},"excerpt":{"rendered":"<p>Informativa sulla privacy 1. La protezione dei dati in sintesi Informazioni generali Le seguenti informazioni forniscono una semplice panoramica di ci\u00f2 che accade ai vostri dati personali quando visitate questo sito web. Per dati personali si intendono tutti i dati che possono essere utilizzati per identificarvi personalmente. Per informazioni dettagliate sul tema della protezione dei dati, si prega di consultare la nostra dichiarazione sulla protezione dei dati riportata sotto questo testo. La raccolta dei dati su questo ... <\/p>\n<p class=\"read-more-container\"><a title=\"Informativa sulla privacy\" class=\"read-more button\" href=\"https:\/\/luftzug.org\/it\/datenschutz\/#more-276\" aria-label=\"Per saperne di pi\u00f9 su Privacy Policy\">Leggi tutto<\/a><\/p>","protected":false},"author":1,"featured_media":277,"parent":0,"menu_order":0,"comment_status":"closed","ping_status":"closed","template":"","meta":{"_eb_attr":"","footnotes":""},"categories":[],"tags":[],"class_list":{"0":"post-276","1":"page","2":"type-page","3":"status-publish","4":"has-post-thumbnail","6":"no-featured-image-padding"},"_links":{"self":[{"href":"https:\/\/luftzug.org\/it\/wp-json\/wp\/v2\/pages\/276","targetHints":{"allow":["GET"]}}],"collection":[{"href":"https:\/\/luftzug.org\/it\/wp-json\/wp\/v2\/pages"}],"about":[{"href":"https:\/\/luftzug.org\/it\/wp-json\/wp\/v2\/types\/page"}],"author":[{"embeddable":true,"href":"https:\/\/luftzug.org\/it\/wp-json\/wp\/v2\/users\/1"}],"replies":[{"embeddable":true,"href":"https:\/\/luftzug.org\/it\/wp-json\/wp\/v2\/comments?post=276"}],"version-history":[{"count":0,"href":"https:\/\/luftzug.org\/it\/wp-json\/wp\/v2\/pages\/276\/revisions"}],"wp:featuredmedia":[{"embeddable":true,"href":"https:\/\/luftzug.org\/it\/wp-json\/wp\/v2\/media\/277"}],"wp:attachment":[{"href":"https:\/\/luftzug.org\/it\/wp-json\/wp\/v2\/media?parent=276"}],"wp:term":[{"taxonomy":"category","embeddable":true,"href":"https:\/\/luftzug.org\/it\/wp-json\/wp\/v2\/categories?post=276"},{"taxonomy":"post_tag","embeddable":true,"href":"https:\/\/luftzug.org\/it\/wp-json\/wp\/v2\/tags?post=276"}],"curies":[{"name":"wp","href":"https:\/\/api.w.org\/{rel}","templated":true}]}}