{"id":99,"date":"2024-10-02T14:13:49","date_gmt":"2024-10-02T14:13:49","guid":{"rendered":"https:\/\/luftzug.org\/?page_id=99"},"modified":"2024-10-06T18:50:57","modified_gmt":"2024-10-06T18:50:57","slug":"raffreddamento","status":"publish","type":"page","link":"https:\/\/luftzug.org\/it\/kuehlung\/","title":{"rendered":"Raffreddamento"},"content":{"rendered":"<h1 class=\"wp-block-heading\">Raffreddamento<\/h1>\n\n\n\n<p>L'aria interna troppo calda deprime l'umore. Anche la produttivit\u00e0 sul lavoro diminuisce. In questa pagina vi mostrer\u00f2 le soluzioni pi\u00f9 intelligenti per ottenere un'aria interna fresca e rigenerante.<\/p>\n\n\n\n<p>Un piacevole&nbsp;<a href=\"https:\/\/luftzug.org\/it\/clima-interno\/\">Clima interno<\/a>&nbsp;\u00e8 la priorit\u00e0 assoluta. Come e con quali prodotti si pu\u00f2 ottenere questo risultato \u00e8 proprio l'argomento di questo articolo!<\/p>\n\n\n\n<p>Non sempre si tratta di un impianto di climatizzazione. In molti casi, un impianto di&nbsp;<a href=\"https:\/\/luftzug.org\/it\/ventilatori\/\">Ventilatore<\/a>&nbsp;o un raffreddatore ad aria:<\/p>\n\n\n\n<p>Tra i ventilatori e i grandi condizionatori d'aria, ci sono molte classi di apparecchi interessanti che garantiscono il raffreddamento con poca spesa. Alcuni di essi possono anche essere utilizzati in modo molto flessibile. Ecco una selezione di alternative ai grandi condizionatori:<\/p>\n\n\n\n<ul class=\"wp-block-list has-base-2-background-color has-background\">\n<li>Raffreddatore d'aria<\/li>\n\n\n\n<li>Condizionatore d'aria<\/li>\n\n\n\n<li>Condizionatore a finestra<\/li>\n\n\n\n<li>Condizionatore d'aria monoblocco<\/li>\n<\/ul>\n\n\n\n<p>A seconda del luogo di utilizzo, della durata, della frequenza e dell'intensit\u00e0 d'uso, una di queste classi di prodotti \u00e8 particolarmente adatta.<a href=\"https:\/\/luftzug.org\/it\/k%C3%BChlung\/luftk%C3%BChler\/\"><\/a><\/p>\n\n\n\n<div id=\"affiliate-style-1d8a47f2-1b09-4b27-8a05-8ed426711794\" class=\"affiliate-block-undefined affiliate-notification-wrapper\"><div class=\"affiliate-notification-inner\"><p class=\"affiliate-notification-content\" id=\"notice-1d8a47f2-1b09-4b27-8a05-8ed426711794\"><a href=\"https:\/\/luftzug.org\/it\/k%C3%BChlung\/luftk%C3%BChler\/\"><strong>Raffreddatore d'aria<br><\/strong><\/a>Condizionatori senza tubo di scarico dell'aria a confronto: si consigliano questi modelli.<\/p><\/div><\/div>\n\n\n\n<p><\/p>","protected":false},"excerpt":{"rendered":"<p>Raffreddamento L'aria interna troppo calda deprime l'umore. Anche la produttivit\u00e0 al lavoro diminuisce. In questa pagina vi mostrer\u00f2 le soluzioni pi\u00f9 intelligenti per ottenere un'aria interna fresca e rigenerante. Un clima interno piacevole \u00e8 la priorit\u00e0 assoluta. Come e con quali prodotti \u00e8 possibile ottenerlo, \u00e8 questo l'obiettivo! Non sempre si tratta di un impianto di climatizzazione. ... <\/p>\n<p class=\"read-more-container\"><a title=\"Raffreddamento\" class=\"read-more button\" href=\"https:\/\/luftzug.org\/it\/kuehlung\/#more-99\" aria-label=\"Per saperne di pi\u00f9 sul raffreddamento\">Leggi tutto<\/a><\/p>","protected":false},"author":1,"featured_media":100,"parent":0,"menu_order":0,"comment_status":"closed","ping_status":"closed","template":"","meta":{"_eb_attr":"","footnotes":""},"categories":[],"tags":[],"class_list":{"0":"post-99","1":"page","2":"type-page","3":"status-publish","4":"has-post-thumbnail","6":"no-featured-image-padding"},"_links":{"self":[{"href":"https:\/\/luftzug.org\/it\/wp-json\/wp\/v2\/pages\/99","targetHints":{"allow":["GET"]}}],"collection":[{"href":"https:\/\/luftzug.org\/it\/wp-json\/wp\/v2\/pages"}],"about":[{"href":"https:\/\/luftzug.org\/it\/wp-json\/wp\/v2\/types\/page"}],"author":[{"embeddable":true,"href":"https:\/\/luftzug.org\/it\/wp-json\/wp\/v2\/users\/1"}],"replies":[{"embeddable":true,"href":"https:\/\/luftzug.org\/it\/wp-json\/wp\/v2\/comments?post=99"}],"version-history":[{"count":0,"href":"https:\/\/luftzug.org\/it\/wp-json\/wp\/v2\/pages\/99\/revisions"}],"wp:featuredmedia":[{"embeddable":true,"href":"https:\/\/luftzug.org\/it\/wp-json\/wp\/v2\/media\/100"}],"wp:attachment":[{"href":"https:\/\/luftzug.org\/it\/wp-json\/wp\/v2\/media?parent=99"}],"wp:term":[{"taxonomy":"category","embeddable":true,"href":"https:\/\/luftzug.org\/it\/wp-json\/wp\/v2\/categories?post=99"},{"taxonomy":"post_tag","embeddable":true,"href":"https:\/\/luftzug.org\/it\/wp-json\/wp\/v2\/tags?post=99"}],"curies":[{"name":"wp","href":"https:\/\/api.w.org\/{rel}","templated":true}]}}